{"id":2789,"date":"2023-02-09T14:43:49","date_gmt":"2023-02-09T13:43:49","guid":{"rendered":"https:\/\/sciroccoevents.com\/?page_id=2789"},"modified":"2023-04-14T11:17:12","modified_gmt":"2023-04-14T09:17:12","slug":"sur-nous","status":"publish","type":"page","link":"https:\/\/sciroccoevents.com\/fr\/sur-nous\/","title":{"rendered":"Sur nous"},"content":{"rendered":"<p>[vc_row disable_element=\u00a0\u00bbyes\u00a0\u00bb el_class=\u00a0\u00bbnascondi\u00a0\u00bb][vc_column][vc_column_text]About scirocco<\/p>\n<h2>About scirocco<\/h2>\n<p>[\/vc_column_text][\/vc_column][\/vc_row][vc_row full_width=\u00a0\u00bbstretch_row\u00a0\u00bb disable_element=\u00a0\u00bbyes\u00a0\u00bb][vc_column width=\u00a0\u00bb1\/3&Prime;]\n\t<div class=\"featured-icon-box   align-center vc_custom_1497969545355\">\n\t<div class=\"vc_icon_element vc_icon_element-outer vc_icon_element-align-center\">\n\t<div class=\"vc_icon_element-inner vc_icon_element-size-md\">\n\t<span class=\"vc_icon_element-icon fa fa-map-marker\" ><\/span>\n\t<\/div><\/div>\n\t<h3  >Address<\/h3>\n\t<div class=\"clearfix\"><\/div><div class=\"featured-icon-desc\" >29556 Lorem Drive,<br \/>\nSonoma, California 55568<\/p>\n<p>N 45\u00ba W 85\u00ba 41' 0.981``<\/div>\n\t<\/div>[\/vc_column][vc_column width=\u00a0\u00bb1\/3&Prime;]\n\t<div class=\"featured-icon-box   align-center vc_custom_1497969603714\">\n\t<div class=\"vc_icon_element vc_icon_element-outer vc_icon_element-align-center\">\n\t<div class=\"vc_icon_element-inner vc_icon_element-size-md\">\n\t<span class=\"vc_icon_element-icon fa fa-phone\" ><\/span>\n\t<\/div><\/div>\n\t<h3  >Phones<\/h3>\n\t<div class=\"clearfix\"><\/div><div class=\"featured-icon-desc\" >+10 (555) 555 5556<br \/>\n+10 (555) 555 5557<\/p>\n<p>Toll free: 9998<\/div>\n\t<\/div>[\/vc_column][vc_column width=\u00a0\u00bb1\/3&Prime;]\n\t<div class=\"featured-icon-box   align-center vc_custom_1497619488299\">\n\t<div class=\"vc_icon_element vc_icon_element-outer vc_icon_element-align-center\">\n\t<div class=\"vc_icon_element-inner vc_icon_element-size-md\">\n\t<span class=\"vc_icon_element-icon fa fa-file-pdf-o\" ><\/span>\n\t<\/div><\/div>\n\t<h3  >Directions<\/h3>\n\t<a class=\"btn btn-default\" href=\"#\" title=\"Download PDF\" target=\"_self\">Download PDF<\/a>\n\t<\/div>[\/vc_column][\/vc_row][vc_row disable_element=\u00a0\u00bbyes\u00a0\u00bb el_class=\u00a0\u00bbnascondi\u00a0\u00bb][vc_column][vc_column_text]<\/p>\n<p style=\"text-align: left;\">Mais l&rsquo;amour l&rsquo;a pouss\u00e9e \u00e0 d\u00e9m\u00e9nager \u00e0 nouveau et aujourd&rsquo;hui, elle et sa famille sont pr\u00eates \u00e0 vous accueillir \u00e0 l&rsquo;int\u00e9rieur d&rsquo;une charmante maison proven\u00e7ale \u00e0 Roquefort Les Pins, en Provence\/C\u00f4te d&rsquo;Azur, o\u00f9 Valentina \u00e9l\u00e8ve \u00e0 nouveau le niveau et fonde Scirocco Events.<\/p>\n<h2>concernant Scirocco<\/h2>\n<p style=\"text-align: left;\">Le fil rouge est toujours la cuisine romaine mais influenc\u00e9e par tous ses voyages et sa longue exp\u00e9rience.<\/p>\n<p>\u00c9v\u00e9nements et formations, cours de cuisine, pique-niques chics, restaurants \u00e0 domicile et bien plus encore vous attendent en Provence.[\/vc_column_text][vc_single_image image=\u00a0\u00bb14&Prime;][vc_column_text]<\/p>\n<h4>Scirocco events organises unique Mediterranean experiences.<\/h4>\n<p>Scirocco events organise des exp\u00e9riences m\u00e9diterran\u00e9ennes uniques. Vous avez le choix entre le pique-nique chic, les cours de cuisine, les \u00e9v\u00e9nements, la livraison de nourriture \u00e0 bord, la cuisine \u00e0 domicile, le restaurant \u00e0 domicile, l&rsquo;ap\u00e9ritif italien et le tournage \u00e0 la demande.[\/vc_column_text][vc_column_text]<a href=\"https:\/\/www.pringo.it\/\">Design by web agency milan<\/a><br \/>\n<a href=\"https:\/\/sciroccoevents.com\/contact-us\/\">Scirocco Mediterranean Experience<\/a>[\/vc_column_text][vc_column_text]<\/p>\n<p style=\"text-align: left;\">Mais l&rsquo;amour l&rsquo;a pouss\u00e9e \u00e0 d\u00e9m\u00e9nager \u00e0 nouveau et aujourd&rsquo;hui, elle et sa famille sont pr\u00eates \u00e0 vous accueillir \u00e0 l&rsquo;int\u00e9rieur d&rsquo;une charmante maison proven\u00e7ale \u00e0 Roquefort Les Pins, en Provence\/C\u00f4te d&rsquo;Azur, o\u00f9 Valentina \u00e9l\u00e8ve \u00e0 nouveau le niveau et fonde Scirocco Events.<\/p>\n<h3>concernant Scirocco<\/h3>\n<p style=\"text-align: left;\">Le fil rouge est toujours la cuisine romaine mais influenc\u00e9e par tous ses voyages et sa longue exp\u00e9rience.<\/p>\n<p>\u00c9v\u00e9nements et formations, cours de cuisine, pique-niques chics, restaurants \u00e0 domicile et bien plus encore vous attendent en Provence.<\/p>\n<p>[\/vc_column_text][vc_column_text]<\/p>\n<p style=\"text-align: left;\">Valentina Bartolomei, romaine de naissance mais milanaise d&rsquo;adoption, a une grande personnalit\u00e9, une formation en marketing et une forte passion: la cuisine!<\/p>\n<p>Elle s&rsquo;est install\u00e9e tr\u00e8s t\u00f4t \u00e0 Milan pour \u00e9tudier et travailler, mais elle est toujours entre les deux merveilleuses villes. \u00c0 Rome, Valentina laisse son c\u0153ur et toutes ces saveurs qui elle rappellent son enfance.<\/p>\n<h2>Sur Scirocco<\/h2>\n<p style=\"text-align: left;\">Elle d\u00e9cide donc de raconter ces sensations et ces m\u00e9moires dans l&rsquo;intimit\u00e9 de sa maison, o\u00f9 elle commence \u00e0 accueillir des touristes venus de toutes les parties du monde pour partager avec eux les plaisirs de la convivialit\u00e9, en proposant des plats traditionnels romains en particulier.<br \/>\nLa rumeur se r\u00e9pand, Valentina est un super h\u00f4te et les cours se multiplient.<\/p>\n<p>[\/vc_column_text][vc_single_image image=\u00a0\u00bb2589&Prime;][vc_column_text]<\/p>\n<p style=\"text-align: left;\">Valentina Bartolomei, romaine de naissance mais milanaise d&rsquo;adoption, a une grande personnalit\u00e9, une formation en marketing et une forte passion: la cuisine!<\/p>\n<p>Elle s&rsquo;est install\u00e9e tr\u00e8s t\u00f4t \u00e0 Milan pour \u00e9tudier et travailler, mais elle est toujours entre les deux merveilleuses villes. \u00c0 Rome, Valentina laisse son c\u0153ur et toutes ces saveurs qui elle rappellent son enfance.<\/p>\n<h3>Sur Scirocco<\/h3>\n<p style=\"text-align: left;\">Elle d\u00e9cide donc de raconter ces sensations et ces m\u00e9moires dans l&rsquo;intimit\u00e9 de sa maison, o\u00f9 elle commence \u00e0 accueillir des touristes venus de toutes les parties du monde pour partager avec eux les plaisirs de la convivialit\u00e9, en proposant des plats traditionnels romains en particulier.<br \/>\nLa rumeur se r\u00e9pand, Valentina est un super h\u00f4te et les cours se multiplient.<\/p>\n<p>[\/vc_column_text][\/vc_column][\/vc_row]<\/p>\n","protected":false},"excerpt":{"rendered":"<p>[vc_row disable_element=\u00a0\u00bbyes\u00a0\u00bb el_class=\u00a0\u00bbnascondi\u00a0\u00bb][vc_column][vc_column_text]About scirocco About scirocco [\/vc_column_text][\/vc_column][\/vc_row][vc_row full_width=\u00a0\u00bbstretch_row\u00a0\u00bb disable_element=\u00a0\u00bbyes\u00a0\u00bb][vc_column width=\u00a0\u00bb1\/3&Prime;][\/vc_column][vc_column width=\u00a0\u00bb1\/3&Prime;][\/vc_column][vc_column width=\u00a0\u00bb1\/3&Prime;][\/vc_column][\/vc_row][vc_row disable_element=\u00a0\u00bbyes\u00a0\u00bb el_class=\u00a0\u00bbnascondi\u00a0\u00bb][vc_column][vc_column_text] Mais l&rsquo;amour l&rsquo;a pouss\u00e9e \u00e0 d\u00e9m\u00e9nager \u00e0 nouveau et aujourd&rsquo;hui, elle et sa famille sont pr\u00eates \u00e0 vous accueillir \u00e0 l&rsquo;int\u00e9rieur d&rsquo;une charmante maison proven\u00e7ale \u00e0 Roquefort Les Pins, en Provence\/C\u00f4te d&rsquo;Azur, o\u00f9 Valentina \u00e9l\u00e8ve \u00e0 nouveau le niveau et fonde<br class=\"read-more-spacer\"> <a class=\"more-link\" href=\"https:\/\/sciroccoevents.com\/fr\/sur-nous\/\">Read More<\/a><\/p>\n","protected":false},"author":1,"featured_media":0,"parent":0,"menu_order":0,"comment_status":"closed","ping_status":"closed","template":"","meta":{"footnotes":""},"class_list":["post-2789","page","type-page","status-publish","hentry"],"acf":[],"yoast_head":"<!-- This site is optimized with the Yoast SEO plugin v24.6 - https:\/\/yoast.com\/wordpress\/plugins\/seo\/ -->\n<title>Sur nous - Scirocco Events<\/title>\n<meta name=\"description\" content=\"Sur Scirocco: d\u00e9couvrez tous les \u00e9v\u00e9nements et formations, les cours de cuisine, les pique-niques chics, les restaurants \u00e0 domicile et bien...\" \/>\n<meta name=\"robots\" content=\"index, follow, max-snippet:-1, max-image-preview:large, max-video-preview:-1\" \/>\n<link rel=\"canonical\" href=\"https:\/\/sciroccoevents.com\/fr\/sur-nous\/\" \/>\n<meta property=\"og:locale\" content=\"fr_FR\" \/>\n<meta property=\"og:type\" content=\"article\" \/>\n<meta property=\"og:title\" content=\"Sur nous - Scirocco Events\" \/>\n<meta property=\"og:description\" content=\"Sur Scirocco: d\u00e9couvrez tous les \u00e9v\u00e9nements et formations, les cours de cuisine, les pique-niques chics, les restaurants \u00e0 domicile et bien...\" \/>\n<meta property=\"og:url\" content=\"https:\/\/sciroccoevents.com\/fr\/sur-nous\/\" \/>\n<meta property=\"og:site_name\" content=\"Scirocco Events\" \/>\n<meta property=\"article:modified_time\" content=\"2023-04-14T09:17:12+00:00\" \/>\n<meta property=\"og:image\" content=\"https:\/\/sciroccoevents.com\/wp-content\/uploads\/2023\/01\/scirocco-events-mediterranean-social-site.jpg\" \/>\n\t<meta property=\"og:image:width\" content=\"600\" \/>\n\t<meta property=\"og:image:height\" content=\"600\" \/>\n\t<meta property=\"og:image:type\" content=\"image\/jpeg\" \/>\n<meta name=\"twitter:card\" content=\"summary_large_image\" \/>\n<meta name=\"twitter:label1\" content=\"Dur\u00e9e de lecture estim\u00e9e\" \/>\n\t<meta name=\"twitter:data1\" content=\"3 minutes\" \/>\n<script type=\"application\/ld+json\" class=\"yoast-schema-graph\">{\"@context\":\"https:\/\/schema.org\",\"@graph\":[{\"@type\":\"WebPage\",\"@id\":\"https:\/\/sciroccoevents.com\/fr\/sur-nous\/\",\"url\":\"https:\/\/sciroccoevents.com\/fr\/sur-nous\/\",\"name\":\"Sur nous - Scirocco Events\",\"isPartOf\":{\"@id\":\"https:\/\/sciroccoevents.com\/fr\/#website\"},\"datePublished\":\"2023-02-09T13:43:49+00:00\",\"dateModified\":\"2023-04-14T09:17:12+00:00\",\"description\":\"Sur Scirocco: d\u00e9couvrez tous les \u00e9v\u00e9nements et formations, les cours de cuisine, les pique-niques chics, les restaurants \u00e0 domicile et bien...\",\"breadcrumb\":{\"@id\":\"https:\/\/sciroccoevents.com\/fr\/sur-nous\/#breadcrumb\"},\"inLanguage\":\"fr-FR\",\"potentialAction\":[{\"@type\":\"ReadAction\",\"target\":[\"https:\/\/sciroccoevents.com\/fr\/sur-nous\/\"]}]},{\"@type\":\"BreadcrumbList\",\"@id\":\"https:\/\/sciroccoevents.com\/fr\/sur-nous\/#breadcrumb\",\"itemListElement\":[{\"@type\":\"ListItem\",\"position\":1,\"name\":\"Home\",\"item\":\"https:\/\/sciroccoevents.com\/fr\/\"},{\"@type\":\"ListItem\",\"position\":2,\"name\":\"Sur nous\"}]},{\"@type\":\"WebSite\",\"@id\":\"https:\/\/sciroccoevents.com\/fr\/#website\",\"url\":\"https:\/\/sciroccoevents.com\/fr\/\",\"name\":\"Scirocco Events\",\"description\":\"Mediterranean Experience\",\"alternateName\":\"scirocco\",\"potentialAction\":[{\"@type\":\"SearchAction\",\"target\":{\"@type\":\"EntryPoint\",\"urlTemplate\":\"https:\/\/sciroccoevents.com\/fr\/?s={search_term_string}\"},\"query-input\":{\"@type\":\"PropertyValueSpecification\",\"valueRequired\":true,\"valueName\":\"search_term_string\"}}],\"inLanguage\":\"fr-FR\"}]}<\/script>\n<!-- \/ Yoast SEO plugin. -->","yoast_head_json":{"title":"Sur nous - Scirocco Events","description":"Sur Scirocco: d\u00e9couvrez tous les \u00e9v\u00e9nements et formations, les cours de cuisine, les pique-niques chics, les restaurants \u00e0 domicile et bien...","robots":{"index":"index","follow":"follow","max-snippet":"max-snippet:-1","max-image-preview":"max-image-preview:large","max-video-preview":"max-video-preview:-1"},"canonical":"https:\/\/sciroccoevents.com\/fr\/sur-nous\/","og_locale":"fr_FR","og_type":"article","og_title":"Sur nous - Scirocco Events","og_description":"Sur Scirocco: d\u00e9couvrez tous les \u00e9v\u00e9nements et formations, les cours de cuisine, les pique-niques chics, les restaurants \u00e0 domicile et bien...","og_url":"https:\/\/sciroccoevents.com\/fr\/sur-nous\/","og_site_name":"Scirocco Events","article_modified_time":"2023-04-14T09:17:12+00:00","og_image":[{"width":600,"height":600,"url":"https:\/\/sciroccoevents.com\/wp-content\/uploads\/2023\/01\/scirocco-events-mediterranean-social-site.jpg","type":"image\/jpeg"}],"twitter_card":"summary_large_image","twitter_misc":{"Dur\u00e9e de lecture estim\u00e9e":"3 minutes"},"schema":{"@context":"https:\/\/schema.org","@graph":[{"@type":"WebPage","@id":"https:\/\/sciroccoevents.com\/fr\/sur-nous\/","url":"https:\/\/sciroccoevents.com\/fr\/sur-nous\/","name":"Sur nous - Scirocco Events","isPartOf":{"@id":"https:\/\/sciroccoevents.com\/fr\/#website"},"datePublished":"2023-02-09T13:43:49+00:00","dateModified":"2023-04-14T09:17:12+00:00","description":"Sur Scirocco: d\u00e9couvrez tous les \u00e9v\u00e9nements et formations, les cours de cuisine, les pique-niques chics, les restaurants \u00e0 domicile et bien...","breadcrumb":{"@id":"https:\/\/sciroccoevents.com\/fr\/sur-nous\/#breadcrumb"},"inLanguage":"fr-FR","potentialAction":[{"@type":"ReadAction","target":["https:\/\/sciroccoevents.com\/fr\/sur-nous\/"]}]},{"@type":"BreadcrumbList","@id":"https:\/\/sciroccoevents.com\/fr\/sur-nous\/#breadcrumb","itemListElement":[{"@type":"ListItem","position":1,"name":"Home","item":"https:\/\/sciroccoevents.com\/fr\/"},{"@type":"ListItem","position":2,"name":"Sur nous"}]},{"@type":"WebSite","@id":"https:\/\/sciroccoevents.com\/fr\/#website","url":"https:\/\/sciroccoevents.com\/fr\/","name":"Scirocco Events","description":"Mediterranean Experience","alternateName":"scirocco","potentialAction":[{"@type":"SearchAction","target":{"@type":"EntryPoint","urlTemplate":"https:\/\/sciroccoevents.com\/fr\/?s={search_term_string}"},"query-input":{"@type":"PropertyValueSpecification","valueRequired":true,"valueName":"search_term_string"}}],"inLanguage":"fr-FR"}]}},"_links":{"self":[{"href":"https:\/\/sciroccoevents.com\/fr\/wp-json\/wp\/v2\/pages\/2789","targetHints":{"allow":["GET"]}}],"collection":[{"href":"https:\/\/sciroccoevents.com\/fr\/wp-json\/wp\/v2\/pages"}],"about":[{"href":"https:\/\/sciroccoevents.com\/fr\/wp-json\/wp\/v2\/types\/page"}],"author":[{"embeddable":true,"href":"https:\/\/sciroccoevents.com\/fr\/wp-json\/wp\/v2\/users\/1"}],"replies":[{"embeddable":true,"href":"https:\/\/sciroccoevents.com\/fr\/wp-json\/wp\/v2\/comments?post=2789"}],"version-history":[{"count":7,"href":"https:\/\/sciroccoevents.com\/fr\/wp-json\/wp\/v2\/pages\/2789\/revisions"}],"predecessor-version":[{"id":3013,"href":"https:\/\/sciroccoevents.com\/fr\/wp-json\/wp\/v2\/pages\/2789\/revisions\/3013"}],"wp:attachment":[{"href":"https:\/\/sciroccoevents.com\/fr\/wp-json\/wp\/v2\/media?parent=2789"}],"curies":[{"name":"wp","href":"https:\/\/api.w.org\/{rel}","templated":true}]}}