{"id":2842,"date":"2017-04-26T13:43:41","date_gmt":"2017-04-26T11:43:41","guid":{"rendered":"https:\/\/sciroccoevents.com\/?page_id=2842"},"modified":"2023-02-13T11:03:42","modified_gmt":"2023-02-13T10:03:42","slug":"contactez-nous","status":"publish","type":"page","link":"https:\/\/sciroccoevents.com\/fr\/contactez-nous\/","title":{"rendered":"Contactez-nous"},"content":{"rendered":"<p>[vc_row disable_element=\u00a0\u00bbyes\u00a0\u00bb el_class=\u00a0\u00bbnascondi\u00a0\u00bb][vc_column][vc_column_text]Contacter Scirocco<\/p>\n<h2>Contacter Scirocco<\/h2>\n<p>[\/vc_column_text][\/vc_column][\/vc_row][vc_row full_width=\u00a0\u00bbstretch_row\u00a0\u00bb disable_element=\u00a0\u00bbyes\u00a0\u00bb][vc_column width=\u00a0\u00bb1\/3&Prime;]\n\t<div class=\"featured-icon-box   align-center vc_custom_1497969545355\">\n\t<div class=\"vc_icon_element vc_icon_element-outer vc_icon_element-align-center\">\n\t<div class=\"vc_icon_element-inner vc_icon_element-size-md\">\n\t<span class=\"vc_icon_element-icon fa fa-map-marker\" ><\/span>\n\t<\/div><\/div>\n\t<h3  >Address<\/h3>\n\t<div class=\"clearfix\"><\/div><div class=\"featured-icon-desc\" >29556 Lorem Drive,<br \/>\nSonoma, California 55568<\/p>\n<p>N 45\u00ba W 85\u00ba 41' 0.981``<\/div>\n\t<\/div>[\/vc_column][vc_column width=\u00a0\u00bb1\/3&Prime;]\n\t<div class=\"featured-icon-box   align-center vc_custom_1497969603714\">\n\t<div class=\"vc_icon_element vc_icon_element-outer vc_icon_element-align-center\">\n\t<div class=\"vc_icon_element-inner vc_icon_element-size-md\">\n\t<span class=\"vc_icon_element-icon fa fa-phone\" ><\/span>\n\t<\/div><\/div>\n\t<h3  >Phones<\/h3>\n\t<div class=\"clearfix\"><\/div><div class=\"featured-icon-desc\" >+10 (555) 555 5556<br \/>\n+10 (555) 555 5557<\/p>\n<p>Toll free: 9998<\/div>\n\t<\/div>[\/vc_column][vc_column width=\u00a0\u00bb1\/3&Prime;]\n\t<div class=\"featured-icon-box   align-center vc_custom_1497619488299\">\n\t<div class=\"vc_icon_element vc_icon_element-outer vc_icon_element-align-center\">\n\t<div class=\"vc_icon_element-inner vc_icon_element-size-md\">\n\t<span class=\"vc_icon_element-icon fa fa-file-pdf-o\" ><\/span>\n\t<\/div><\/div>\n\t<h3  >Directions<\/h3>\n\t<a class=\"btn btn-default\" href=\"#\" title=\"Download PDF\" target=\"_self\">Download PDF<\/a>\n\t<\/div>[\/vc_column][\/vc_row][vc_row disable_element=\u00a0\u00bbyes\u00a0\u00bb el_class=\u00a0\u00bbnascondi\u00a0\u00bb][vc_column][vc_column_text]<\/p>\n<p style=\"text-align: left;\">Au coucher du soleil, l&rsquo;Apetizer italien ouvrira ses portes avec notre personnel pr\u00eat \u00e0 enchanter votre soir\u00e9e sous les \u00e9toiles avec la simplicit\u00e9 raffin\u00e9e de cette tradition. Celle-ci a transform\u00e9 le hors d&rsquo;\u0153uvre, une s\u00e9rie de mets l\u00e9gers \u00e0 d\u00e9guster avant le repas principal, en ap\u00e9ritif.<\/p>\n<h2>Contactez-nous<\/h2>\n<p style=\"text-align: left;\">Une fa\u00e7on d'\u00a0\u00bbouvrir\u00a0\u00bb les soir\u00e9es en nourrissant le corps et l&rsquo;esprit avec de la bonne nourriture, des mots agr\u00e9ables avec des personnes int\u00e9ressantes, en \u00e9coutant de la bonne musique et en dansant dans un cadre idyllique.<\/p>\n<p>[\/vc_column_text][vc_single_image image=\u00a0\u00bb14&Prime;][vc_column_text]<\/p>\n<h4>Scirocco events organises unique Mediterranean experiences.<\/h4>\n<p>Scirocco events organise des exp\u00e9riences m\u00e9diterran\u00e9ennes uniques. Vous avez le choix entre le pique-nique chic, les cours de cuisine, les \u00e9v\u00e9nements, la livraison de nourriture \u00e0 bord, la cuisine \u00e0 domicile, le restaurant \u00e0 domicile, l&rsquo;ap\u00e9ritif italien et le tournage \u00e0 la demande.[\/vc_column_text][vc_column_text]<a href=\"https:\/\/www.pringo.it\/\">Design by web agency milan<\/a><br \/>\n<a href=\"https:\/\/sciroccoevents.com\/contact-us\/\">Scirocco Mediterranean Experience<\/a>[\/vc_column_text][vc_column_text]<\/p>\n<p style=\"text-align: left;\">Au coucher du soleil, l&rsquo;Apetizer italien ouvrira ses portes avec notre personnel pr\u00eat \u00e0 enchanter votre soir\u00e9e sous les \u00e9toiles avec la simplicit\u00e9 raffin\u00e9e de cette tradition. Celle-ci a transform\u00e9 le hors d&rsquo;\u0153uvre, une s\u00e9rie de mets l\u00e9gers \u00e0 d\u00e9guster avant le repas principal, en ap\u00e9ritif.<\/p>\n<h3>Contacter Scirocco<\/h3>\n<p style=\"text-align: left;\">Une fa\u00e7on d'\u00a0\u00bbouvrir\u00a0\u00bb les soir\u00e9es en nourrissant le corps et l&rsquo;esprit avec de la bonne nourriture, des mots agr\u00e9ables avec des personnes int\u00e9ressantes, en \u00e9coutant de la bonne musique et en dansant dans un cadre idyllique.<\/p>\n<p>[\/vc_column_text][vc_single_image image=\u00a0\u00bb2589&Prime;][vc_column_text]<\/p>\n<p style=\"text-align: left;\">Nous nous occupons de chaque d\u00e9tail, de l&rsquo;achat des mati\u00e8res premi\u00e8res \u00e0 la pr\u00e9paration du menu, du transport \u00e0 bord au service de d\u00e9jeuners ou de d\u00eeners inoubliables pour votre famille, vos amis ou vos compagnons de croisi\u00e8re.<\/p>\n<h2>Contacter Scirocco<\/h2>\n<p style=\"text-align: left;\">Et nous proposons des plats typiques de la tradition culinaire italienne, revisit\u00e9s dans le contexte unique de l&rsquo;exclusivit\u00e9 de la C\u00f4te d&rsquo;Azur, offrant une riche liste de recettes et d&rsquo;aliments raffin\u00e9s capables de plonger l&rsquo;invit\u00e9 dans une exp\u00e9rience bouleversante.<\/p>\n<p>[\/vc_column_text][vc_column_text]<\/p>\n<p style=\"text-align: left;\">Donc, par cons\u00e9quent, donc, par cons\u00e9quent, C&rsquo;est-\u00e0-dire, en d&rsquo;autres termes, pour clarifier, Mais, cependant, d&rsquo;un autre c\u00f4t\u00e9. Par exemple, par exemple, Pendant ce temps, pendant, par la suite, apr\u00e8s cela, Surtout, le plus important, certainement. En conclusion, pour r\u00e9sumer, bref, pareillement, pareillement, dans le m\u00eame ordre d&rsquo;id\u00e9es<\/p>\n<h4>Exp\u00e9riences de Scirocco<\/h4>\n<p style=\"text-align: left;\">Donc, par cons\u00e9quent, donc, par cons\u00e9quent, C&rsquo;est-\u00e0-dire, en d&rsquo;autres termes, pour clarifier, Mais, cependant, d&rsquo;un autre c\u00f4t\u00e9. Par exemple, par exemple, Pendant ce temps, pendant, par la suite, apr\u00e8s cela, Surtout, le plus important, certainement. En conclusion, pour r\u00e9sumer, bref, pareillement, pareillement, dans le m\u00eame ordre d&rsquo;id\u00e9es.<\/p>\n<p>[\/vc_column_text][\/vc_column][\/vc_row]<\/p>\n","protected":false},"excerpt":{"rendered":"<p>[vc_row disable_element=\u00a0\u00bbyes\u00a0\u00bb el_class=\u00a0\u00bbnascondi\u00a0\u00bb][vc_column][vc_column_text]Contacter Scirocco Contacter Scirocco [\/vc_column_text][\/vc_column][\/vc_row][vc_row full_width=\u00a0\u00bbstretch_row\u00a0\u00bb disable_element=\u00a0\u00bbyes\u00a0\u00bb][vc_column width=\u00a0\u00bb1\/3&Prime;][\/vc_column][vc_column width=\u00a0\u00bb1\/3&Prime;][\/vc_column][vc_column width=\u00a0\u00bb1\/3&Prime;][\/vc_column][\/vc_row][vc_row disable_element=\u00a0\u00bbyes\u00a0\u00bb el_class=\u00a0\u00bbnascondi\u00a0\u00bb][vc_column][vc_column_text] Au coucher du soleil, l&rsquo;Apetizer italien ouvrira ses portes avec notre personnel pr\u00eat \u00e0 enchanter votre soir\u00e9e sous les \u00e9toiles avec la simplicit\u00e9 raffin\u00e9e de cette tradition. Celle-ci a transform\u00e9 le hors d&rsquo;\u0153uvre, une s\u00e9rie de mets l\u00e9gers \u00e0 d\u00e9guster avant<br class=\"read-more-spacer\"> <a class=\"more-link\" href=\"https:\/\/sciroccoevents.com\/fr\/contactez-nous\/\">Read More<\/a><\/p>\n","protected":false},"author":1,"featured_media":0,"parent":0,"menu_order":0,"comment_status":"closed","ping_status":"closed","template":"theme-templates\/contact.php","meta":{"footnotes":""},"class_list":["post-2842","page","type-page","status-publish","hentry"],"acf":[],"yoast_head":"<!-- This site is optimized with the Yoast SEO plugin v24.6 - https:\/\/yoast.com\/wordpress\/plugins\/seo\/ -->\n<title>Contactez-nous - Scirocco Events<\/title>\n<meta name=\"description\" content=\"Contactez Scirocco events \u00e0 hello@sciroccoevents.com et confiez \u00e0 Scirocco Events l&#039;organisation de vos exp\u00e9riences m\u00e9diterran\u00e9ennes uniques.\" \/>\n<meta name=\"robots\" content=\"index, follow, max-snippet:-1, max-image-preview:large, max-video-preview:-1\" \/>\n<link rel=\"canonical\" href=\"https:\/\/sciroccoevents.com\/fr\/contactez-nous\/\" \/>\n<meta property=\"og:locale\" content=\"fr_FR\" \/>\n<meta property=\"og:type\" content=\"article\" \/>\n<meta property=\"og:title\" content=\"Contactez-nous - Scirocco Events\" \/>\n<meta property=\"og:description\" content=\"Contactez Scirocco events \u00e0 hello@sciroccoevents.com et confiez \u00e0 Scirocco Events l&#039;organisation de vos exp\u00e9riences m\u00e9diterran\u00e9ennes uniques.\" \/>\n<meta property=\"og:url\" content=\"https:\/\/sciroccoevents.com\/fr\/contactez-nous\/\" \/>\n<meta property=\"og:site_name\" content=\"Scirocco Events\" \/>\n<meta property=\"article:modified_time\" content=\"2023-02-13T10:03:42+00:00\" \/>\n<meta property=\"og:image\" content=\"https:\/\/sciroccoevents.com\/wp-content\/uploads\/2023\/01\/scirocco-events-mediterranean-social-site.jpg\" \/>\n\t<meta property=\"og:image:width\" content=\"600\" \/>\n\t<meta property=\"og:image:height\" content=\"600\" \/>\n\t<meta property=\"og:image:type\" content=\"image\/jpeg\" \/>\n<meta name=\"twitter:card\" content=\"summary_large_image\" \/>\n<meta name=\"twitter:label1\" content=\"Dur\u00e9e de lecture estim\u00e9e\" \/>\n\t<meta name=\"twitter:data1\" content=\"3 minutes\" \/>\n<script type=\"application\/ld+json\" class=\"yoast-schema-graph\">{\"@context\":\"https:\/\/schema.org\",\"@graph\":[{\"@type\":\"WebPage\",\"@id\":\"https:\/\/sciroccoevents.com\/fr\/contactez-nous\/\",\"url\":\"https:\/\/sciroccoevents.com\/fr\/contactez-nous\/\",\"name\":\"Contactez-nous - Scirocco Events\",\"isPartOf\":{\"@id\":\"https:\/\/sciroccoevents.com\/fr\/#website\"},\"datePublished\":\"2017-04-26T11:43:41+00:00\",\"dateModified\":\"2023-02-13T10:03:42+00:00\",\"description\":\"Contactez Scirocco events \u00e0 hello@sciroccoevents.com et confiez \u00e0 Scirocco Events l'organisation de vos exp\u00e9riences m\u00e9diterran\u00e9ennes uniques.\",\"breadcrumb\":{\"@id\":\"https:\/\/sciroccoevents.com\/fr\/contactez-nous\/#breadcrumb\"},\"inLanguage\":\"fr-FR\",\"potentialAction\":[{\"@type\":\"ReadAction\",\"target\":[\"https:\/\/sciroccoevents.com\/fr\/contactez-nous\/\"]}]},{\"@type\":\"BreadcrumbList\",\"@id\":\"https:\/\/sciroccoevents.com\/fr\/contactez-nous\/#breadcrumb\",\"itemListElement\":[{\"@type\":\"ListItem\",\"position\":1,\"name\":\"Home\",\"item\":\"https:\/\/sciroccoevents.com\/fr\/\"},{\"@type\":\"ListItem\",\"position\":2,\"name\":\"Contactez-nous\"}]},{\"@type\":\"WebSite\",\"@id\":\"https:\/\/sciroccoevents.com\/fr\/#website\",\"url\":\"https:\/\/sciroccoevents.com\/fr\/\",\"name\":\"Scirocco Events\",\"description\":\"Mediterranean Experience\",\"alternateName\":\"scirocco\",\"potentialAction\":[{\"@type\":\"SearchAction\",\"target\":{\"@type\":\"EntryPoint\",\"urlTemplate\":\"https:\/\/sciroccoevents.com\/fr\/?s={search_term_string}\"},\"query-input\":{\"@type\":\"PropertyValueSpecification\",\"valueRequired\":true,\"valueName\":\"search_term_string\"}}],\"inLanguage\":\"fr-FR\"}]}<\/script>\n<!-- \/ Yoast SEO plugin. -->","yoast_head_json":{"title":"Contactez-nous - Scirocco Events","description":"Contactez Scirocco events \u00e0 hello@sciroccoevents.com et confiez \u00e0 Scirocco Events l'organisation de vos exp\u00e9riences m\u00e9diterran\u00e9ennes uniques.","robots":{"index":"index","follow":"follow","max-snippet":"max-snippet:-1","max-image-preview":"max-image-preview:large","max-video-preview":"max-video-preview:-1"},"canonical":"https:\/\/sciroccoevents.com\/fr\/contactez-nous\/","og_locale":"fr_FR","og_type":"article","og_title":"Contactez-nous - Scirocco Events","og_description":"Contactez Scirocco events \u00e0 hello@sciroccoevents.com et confiez \u00e0 Scirocco Events l'organisation de vos exp\u00e9riences m\u00e9diterran\u00e9ennes uniques.","og_url":"https:\/\/sciroccoevents.com\/fr\/contactez-nous\/","og_site_name":"Scirocco Events","article_modified_time":"2023-02-13T10:03:42+00:00","og_image":[{"width":600,"height":600,"url":"https:\/\/sciroccoevents.com\/wp-content\/uploads\/2023\/01\/scirocco-events-mediterranean-social-site.jpg","type":"image\/jpeg"}],"twitter_card":"summary_large_image","twitter_misc":{"Dur\u00e9e de lecture estim\u00e9e":"3 minutes"},"schema":{"@context":"https:\/\/schema.org","@graph":[{"@type":"WebPage","@id":"https:\/\/sciroccoevents.com\/fr\/contactez-nous\/","url":"https:\/\/sciroccoevents.com\/fr\/contactez-nous\/","name":"Contactez-nous - Scirocco Events","isPartOf":{"@id":"https:\/\/sciroccoevents.com\/fr\/#website"},"datePublished":"2017-04-26T11:43:41+00:00","dateModified":"2023-02-13T10:03:42+00:00","description":"Contactez Scirocco events \u00e0 hello@sciroccoevents.com et confiez \u00e0 Scirocco Events l'organisation de vos exp\u00e9riences m\u00e9diterran\u00e9ennes uniques.","breadcrumb":{"@id":"https:\/\/sciroccoevents.com\/fr\/contactez-nous\/#breadcrumb"},"inLanguage":"fr-FR","potentialAction":[{"@type":"ReadAction","target":["https:\/\/sciroccoevents.com\/fr\/contactez-nous\/"]}]},{"@type":"BreadcrumbList","@id":"https:\/\/sciroccoevents.com\/fr\/contactez-nous\/#breadcrumb","itemListElement":[{"@type":"ListItem","position":1,"name":"Home","item":"https:\/\/sciroccoevents.com\/fr\/"},{"@type":"ListItem","position":2,"name":"Contactez-nous"}]},{"@type":"WebSite","@id":"https:\/\/sciroccoevents.com\/fr\/#website","url":"https:\/\/sciroccoevents.com\/fr\/","name":"Scirocco Events","description":"Mediterranean Experience","alternateName":"scirocco","potentialAction":[{"@type":"SearchAction","target":{"@type":"EntryPoint","urlTemplate":"https:\/\/sciroccoevents.com\/fr\/?s={search_term_string}"},"query-input":{"@type":"PropertyValueSpecification","valueRequired":true,"valueName":"search_term_string"}}],"inLanguage":"fr-FR"}]}},"_links":{"self":[{"href":"https:\/\/sciroccoevents.com\/fr\/wp-json\/wp\/v2\/pages\/2842","targetHints":{"allow":["GET"]}}],"collection":[{"href":"https:\/\/sciroccoevents.com\/fr\/wp-json\/wp\/v2\/pages"}],"about":[{"href":"https:\/\/sciroccoevents.com\/fr\/wp-json\/wp\/v2\/types\/page"}],"author":[{"embeddable":true,"href":"https:\/\/sciroccoevents.com\/fr\/wp-json\/wp\/v2\/users\/1"}],"replies":[{"embeddable":true,"href":"https:\/\/sciroccoevents.com\/fr\/wp-json\/wp\/v2\/comments?post=2842"}],"version-history":[{"count":2,"href":"https:\/\/sciroccoevents.com\/fr\/wp-json\/wp\/v2\/pages\/2842\/revisions"}],"predecessor-version":[{"id":2859,"href":"https:\/\/sciroccoevents.com\/fr\/wp-json\/wp\/v2\/pages\/2842\/revisions\/2859"}],"wp:attachment":[{"href":"https:\/\/sciroccoevents.com\/fr\/wp-json\/wp\/v2\/media?parent=2842"}],"curies":[{"name":"wp","href":"https:\/\/api.w.org\/{rel}","templated":true}]}}