{"id":2846,"date":"2022-12-13T11:49:48","date_gmt":"2022-12-13T10:49:48","guid":{"rendered":"https:\/\/sciroccoevents.com\/?page_id=2846"},"modified":"2023-02-13T11:33:28","modified_gmt":"2023-02-13T10:33:28","slug":"scirocco","status":"publish","type":"page","link":"https:\/\/sciroccoevents.com\/fr\/","title":{"rendered":"Scirocco"},"content":{"rendered":"<p>[vc_row disable_element=\u00a0\u00bbyes\u00a0\u00bb el_class=\u00a0\u00bbnascondi\u00a0\u00bb][vc_column][vc_column_text]\u00c9v\u00e9nements Scirocco<\/p>\n<h2>\u00c9v\u00e9nements Scirocco<\/h2>\n<h5>Exp\u00e9rience m\u00e9diterran\u00e9enne<\/h5>\n<h3>Exp\u00e9rience m\u00e9diterran\u00e9enne Scirocco<\/h3>\n<p>[\/vc_column_text][\/vc_column][\/vc_row][vc_row full_width=\u00a0\u00bbstretch_row_content_no_spaces\u00a0\u00bb disable_element=\u00a0\u00bbyes\u00a0\u00bb css=\u00a0\u00bb.vc_custom_1671524444873{margin-top: 0px !important;margin-right: 0px !important;margin-bottom: 0px !important;margin-left: 0px !important;}\u00a0\u00bb][vc_column][vc_column_text]<a id=\"contact-us\"><\/a>[\/vc_column_text][\/vc_column][\/vc_row][vc_row disable_element=\u00a0\u00bbyes\u00a0\u00bb el_class=\u00a0\u00bbnascondi\u00a0\u00bb][vc_column][vc_column_text]<\/p>\n<h4>Scirocco events organise des exp\u00e9riences m\u00e9diterran\u00e9ennes uniques.<\/h4>\n<p>Scirocco events organise des exp\u00e9riences m\u00e9diterran\u00e9ennes uniques. Vous avez le choix entre le pique-nique chic, les cours de cuisine, les \u00e9v\u00e9nements, la livraison de nourriture \u00e0 bord, la cuisine \u00e0 domicile, le restaurant \u00e0 domicile, l&rsquo;ap\u00e9ritif italien et le tournage \u00e0 la demande.[\/vc_column_text][vc_column_text]<\/p>\n<h3>\u00c9v\u00e9nements Scirocco<\/h3>\n<p style=\"text-align: left;\">Sur demande, il est possible d&rsquo;organiser des pique-niques \u00e0 th\u00e8me chic pour des occasions sp\u00e9ciales. S\u00e9ances photos ou team building d&rsquo;entreprise, pour des moments uniques et inoubliables \u00e0 partager avec ses proches, ses amis, ses coll\u00e8gues ou ses clients.<\/p>\n<p>[\/vc_column_text][vc_column_text]<a href=\"https:\/\/www.pringo.it\/\">Design by web agency milan<\/a><br \/>\n<a href=\"https:\/\/sciroccoevents.com\/contact-us\/\">Scirocco Mediterranean Experience<\/a>[\/vc_column_text][vc_column_text]<\/p>\n<p style=\"text-align: left;\">Il est possible d&rsquo;inclure un tour des march\u00e9s locaux pour la s\u00e9lection&#8230; et la connaissance des mati\u00e8res premi\u00e8res id\u00e9ales et saines pour la r\u00e9ussite optimale de vos recettes.<\/p>\n<p>[\/vc_column_text][vc_single_image image=\u00a0\u00bb2160&Prime; alignment=\u00a0\u00bbcenter\u00a0\u00bb][vc_column_text]<\/p>\n<p style=\"text-align: left;\">Notre personnel est en mesure de vous suivre d\u00e8s les premi\u00e8res \u00e9tapes de la planification de votre \u00e9v\u00e9nement, en \u00e9coutant vos besoins. Il vous aide \u00e0 choisir la solution la plus adapt\u00e9e \u00e0 votre objectif.<\/p>\n<h3>Planification de votre \u00e9v\u00e9nement<\/h3>\n<p style=\"text-align: left;\">Et pour vous permettre de tirer le meilleur parti de votre \u00e9v\u00e9nement, comme une formation professionnelle, une pr\u00e9sentation \u00e0 des clients, la c\u00e9l\u00e9bration d&rsquo;un anniversaire important, une f\u00eate inoubliable, un d\u00eener exclusif ou le mariage de vos r\u00eaves.<\/p>\n<p>[\/vc_column_text][vc_column_text]<\/p>\n<p style=\"text-align: left;\">Nous nous occupons de chaque d\u00e9tail, de l&rsquo;achat des mati\u00e8res premi\u00e8res \u00e0 la pr\u00e9paration du menu, du transport \u00e0 bord au service de d\u00e9jeuners ou de d\u00eeners inoubliables pour votre famille, vos amis ou vos compagnons de croisi\u00e8re.<\/p>\n<h6>Planification de votre \u00e9v\u00e9nement<\/h6>\n<p style=\"text-align: left;\">Et nous vous proposons des plats typiques de la tradition culinaire italienne, revisit\u00e9s dans le contexte unique de l&rsquo;exclusivit\u00e9 de la C\u00f4te d&rsquo;Azur, offrant une riche liste de recettes et d&rsquo;aliments raffin\u00e9s capables de plonger les invit\u00e9s dans une exp\u00e9rience bouleversante<\/p>\n<p>[\/vc_column_text][vc_column_text]<\/p>\n<p style=\"text-align: left;\">Notre personnel est en mesure de vous suivre d\u00e8s les premi\u00e8res \u00e9tapes de la planification de votre \u00e9v\u00e9nement, en \u00e9coutant vos besoins. Il vous aide \u00e0 choisir la solution la plus adapt\u00e9e \u00e0 votre objectif.<\/p>\n<h3>\u00c9v\u00e9nements Scirocco<\/h3>\n<p style=\"text-align: left;\">Et pour vous permettre de tirer le meilleur parti de votre \u00e9v\u00e9nement, comme une formation professionnelle, une pr\u00e9sentation \u00e0 des clients, la c\u00e9l\u00e9bration d&rsquo;un anniversaire important, une f\u00eate inoubliable, un d\u00eener exclusif ou le mariage de vos r\u00eaves.<\/p>\n<p>[\/vc_column_text][\/vc_column][\/vc_row]<\/p>\n","protected":false},"excerpt":{"rendered":"<p>[vc_row disable_element=\u00a0\u00bbyes\u00a0\u00bb el_class=\u00a0\u00bbnascondi\u00a0\u00bb][vc_column][vc_column_text]\u00c9v\u00e9nements Scirocco \u00c9v\u00e9nements Scirocco Exp\u00e9rience m\u00e9diterran\u00e9enne Exp\u00e9rience m\u00e9diterran\u00e9enne Scirocco [\/vc_column_text][\/vc_column][\/vc_row][vc_row full_width=\u00a0\u00bbstretch_row_content_no_spaces\u00a0\u00bb disable_element=\u00a0\u00bbyes\u00a0\u00bb css=\u00a0\u00bb.vc_custom_1671524444873{margin-top: 0px !important;margin-right: 0px !important;margin-bottom: 0px !important;margin-left: 0px !important;}\u00a0\u00bb][vc_column][vc_column_text][\/vc_column_text][\/vc_column][\/vc_row][vc_row disable_element=\u00a0\u00bbyes\u00a0\u00bb el_class=\u00a0\u00bbnascondi\u00a0\u00bb][vc_column][vc_column_text] Scirocco events organise des exp\u00e9riences m\u00e9diterran\u00e9ennes uniques. Scirocco events organise des exp\u00e9riences m\u00e9diterran\u00e9ennes uniques. Vous avez le choix entre le pique-nique chic, les cours de cuisine, les \u00e9v\u00e9nements, la livraison<br class=\"read-more-spacer\"> <a class=\"more-link\" href=\"https:\/\/sciroccoevents.com\/fr\/\">Read More<\/a><\/p>\n","protected":false},"author":1,"featured_media":0,"parent":0,"menu_order":0,"comment_status":"closed","ping_status":"closed","template":"","meta":{"footnotes":""},"class_list":["post-2846","page","type-page","status-publish","hentry"],"acf":[],"yoast_head":"<!-- This site is optimized with the Yoast SEO plugin v24.6 - https:\/\/yoast.com\/wordpress\/plugins\/seo\/ -->\n<title>Scirocco - Scirocco Events<\/title>\n<meta name=\"description\" content=\"\u00c9v\u00e9nements Scirocco organise des exp\u00e9riences m\u00e9diterran\u00e9ennes uniques: pique-nique chic, les cours de cuisine, les \u00e9v\u00e9nements, la cuisine...\" \/>\n<meta name=\"robots\" content=\"index, follow, max-snippet:-1, max-image-preview:large, max-video-preview:-1\" \/>\n<link rel=\"canonical\" href=\"https:\/\/sciroccoevents.com\/fr\/\" \/>\n<meta property=\"og:locale\" content=\"fr_FR\" \/>\n<meta property=\"og:type\" content=\"article\" \/>\n<meta property=\"og:title\" content=\"Scirocco - Scirocco Events\" \/>\n<meta property=\"og:description\" content=\"\u00c9v\u00e9nements Scirocco organise des exp\u00e9riences m\u00e9diterran\u00e9ennes uniques: pique-nique chic, les cours de cuisine, les \u00e9v\u00e9nements, la cuisine...\" \/>\n<meta property=\"og:url\" content=\"https:\/\/sciroccoevents.com\/fr\/\" \/>\n<meta property=\"og:site_name\" content=\"Scirocco Events\" \/>\n<meta property=\"article:modified_time\" content=\"2023-02-13T10:33:28+00:00\" \/>\n<meta property=\"og:image\" content=\"https:\/\/sciroccoevents.com\/wp-content\/uploads\/2023\/01\/scirocco-events-mediterranean-social-site-300x300.jpg\" \/>\n<meta name=\"twitter:card\" content=\"summary_large_image\" \/>\n<meta name=\"twitter:image\" content=\"https:\/\/sciroccoevents.com\/wp-content\/uploads\/2023\/01\/scirocco-events-mediterranean-social-site.jpg\" \/>\n<meta name=\"twitter:label1\" content=\"Dur\u00e9e de lecture estim\u00e9e\" \/>\n\t<meta name=\"twitter:data1\" content=\"2 minutes\" \/>\n<script type=\"application\/ld+json\" class=\"yoast-schema-graph\">{\"@context\":\"https:\/\/schema.org\",\"@graph\":[{\"@type\":\"WebPage\",\"@id\":\"https:\/\/sciroccoevents.com\/fr\/\",\"url\":\"https:\/\/sciroccoevents.com\/fr\/\",\"name\":\"Scirocco - Scirocco Events\",\"isPartOf\":{\"@id\":\"https:\/\/sciroccoevents.com\/fr\/#website\"},\"datePublished\":\"2022-12-13T10:49:48+00:00\",\"dateModified\":\"2023-02-13T10:33:28+00:00\",\"description\":\"\u00c9v\u00e9nements Scirocco organise des exp\u00e9riences m\u00e9diterran\u00e9ennes uniques: pique-nique chic, les cours de cuisine, les \u00e9v\u00e9nements, la cuisine...\",\"breadcrumb\":{\"@id\":\"https:\/\/sciroccoevents.com\/fr\/#breadcrumb\"},\"inLanguage\":\"fr-FR\",\"potentialAction\":[{\"@type\":\"ReadAction\",\"target\":[\"https:\/\/sciroccoevents.com\/fr\/\"]}]},{\"@type\":\"BreadcrumbList\",\"@id\":\"https:\/\/sciroccoevents.com\/fr\/#breadcrumb\",\"itemListElement\":[{\"@type\":\"ListItem\",\"position\":1,\"name\":\"Home\",\"item\":\"https:\/\/sciroccoevents.com\/fr\/\"},{\"@type\":\"ListItem\",\"position\":2,\"name\":\"Scirocco\"}]},{\"@type\":\"WebSite\",\"@id\":\"https:\/\/sciroccoevents.com\/fr\/#website\",\"url\":\"https:\/\/sciroccoevents.com\/fr\/\",\"name\":\"Scirocco Events\",\"description\":\"Mediterranean Experience\",\"alternateName\":\"scirocco\",\"potentialAction\":[{\"@type\":\"SearchAction\",\"target\":{\"@type\":\"EntryPoint\",\"urlTemplate\":\"https:\/\/sciroccoevents.com\/fr\/?s={search_term_string}\"},\"query-input\":{\"@type\":\"PropertyValueSpecification\",\"valueRequired\":true,\"valueName\":\"search_term_string\"}}],\"inLanguage\":\"fr-FR\"}]}<\/script>\n<!-- \/ Yoast SEO plugin. -->","yoast_head_json":{"title":"Scirocco - Scirocco Events","description":"\u00c9v\u00e9nements Scirocco organise des exp\u00e9riences m\u00e9diterran\u00e9ennes uniques: pique-nique chic, les cours de cuisine, les \u00e9v\u00e9nements, la cuisine...","robots":{"index":"index","follow":"follow","max-snippet":"max-snippet:-1","max-image-preview":"max-image-preview:large","max-video-preview":"max-video-preview:-1"},"canonical":"https:\/\/sciroccoevents.com\/fr\/","og_locale":"fr_FR","og_type":"article","og_title":"Scirocco - Scirocco Events","og_description":"\u00c9v\u00e9nements Scirocco organise des exp\u00e9riences m\u00e9diterran\u00e9ennes uniques: pique-nique chic, les cours de cuisine, les \u00e9v\u00e9nements, la cuisine...","og_url":"https:\/\/sciroccoevents.com\/fr\/","og_site_name":"Scirocco Events","article_modified_time":"2023-02-13T10:33:28+00:00","og_image":[{"url":"https:\/\/sciroccoevents.com\/wp-content\/uploads\/2023\/01\/scirocco-events-mediterranean-social-site-300x300.jpg","type":"","width":"","height":""}],"twitter_card":"summary_large_image","twitter_image":"https:\/\/sciroccoevents.com\/wp-content\/uploads\/2023\/01\/scirocco-events-mediterranean-social-site.jpg","twitter_misc":{"Dur\u00e9e de lecture estim\u00e9e":"2 minutes"},"schema":{"@context":"https:\/\/schema.org","@graph":[{"@type":"WebPage","@id":"https:\/\/sciroccoevents.com\/fr\/","url":"https:\/\/sciroccoevents.com\/fr\/","name":"Scirocco - Scirocco Events","isPartOf":{"@id":"https:\/\/sciroccoevents.com\/fr\/#website"},"datePublished":"2022-12-13T10:49:48+00:00","dateModified":"2023-02-13T10:33:28+00:00","description":"\u00c9v\u00e9nements Scirocco organise des exp\u00e9riences m\u00e9diterran\u00e9ennes uniques: pique-nique chic, les cours de cuisine, les \u00e9v\u00e9nements, la cuisine...","breadcrumb":{"@id":"https:\/\/sciroccoevents.com\/fr\/#breadcrumb"},"inLanguage":"fr-FR","potentialAction":[{"@type":"ReadAction","target":["https:\/\/sciroccoevents.com\/fr\/"]}]},{"@type":"BreadcrumbList","@id":"https:\/\/sciroccoevents.com\/fr\/#breadcrumb","itemListElement":[{"@type":"ListItem","position":1,"name":"Home","item":"https:\/\/sciroccoevents.com\/fr\/"},{"@type":"ListItem","position":2,"name":"Scirocco"}]},{"@type":"WebSite","@id":"https:\/\/sciroccoevents.com\/fr\/#website","url":"https:\/\/sciroccoevents.com\/fr\/","name":"Scirocco Events","description":"Mediterranean Experience","alternateName":"scirocco","potentialAction":[{"@type":"SearchAction","target":{"@type":"EntryPoint","urlTemplate":"https:\/\/sciroccoevents.com\/fr\/?s={search_term_string}"},"query-input":{"@type":"PropertyValueSpecification","valueRequired":true,"valueName":"search_term_string"}}],"inLanguage":"fr-FR"}]}},"_links":{"self":[{"href":"https:\/\/sciroccoevents.com\/fr\/wp-json\/wp\/v2\/pages\/2846","targetHints":{"allow":["GET"]}}],"collection":[{"href":"https:\/\/sciroccoevents.com\/fr\/wp-json\/wp\/v2\/pages"}],"about":[{"href":"https:\/\/sciroccoevents.com\/fr\/wp-json\/wp\/v2\/types\/page"}],"author":[{"embeddable":true,"href":"https:\/\/sciroccoevents.com\/fr\/wp-json\/wp\/v2\/users\/1"}],"replies":[{"embeddable":true,"href":"https:\/\/sciroccoevents.com\/fr\/wp-json\/wp\/v2\/comments?post=2846"}],"version-history":[{"count":1,"href":"https:\/\/sciroccoevents.com\/fr\/wp-json\/wp\/v2\/pages\/2846\/revisions"}],"predecessor-version":[{"id":2850,"href":"https:\/\/sciroccoevents.com\/fr\/wp-json\/wp\/v2\/pages\/2846\/revisions\/2850"}],"wp:attachment":[{"href":"https:\/\/sciroccoevents.com\/fr\/wp-json\/wp\/v2\/media?parent=2846"}],"curies":[{"name":"wp","href":"https:\/\/api.w.org\/{rel}","templated":true}]}}